{"id":916,"date":"2019-05-23T21:12:46","date_gmt":"2019-05-23T21:12:46","guid":{"rendered":"http:\/\/spnowerybie.pl\/?page_id=916"},"modified":"2021-04-06T19:14:15","modified_gmt":"2021-04-06T19:14:15","slug":"procedury","status":"publish","type":"page","link":"https:\/\/spnowerybie.pl\/?page_id=916","title":{"rendered":"Procedury i regulaminy"},"content":{"rendered":"\n<div class=\"wp-block-file\"><a href=\"https:\/\/spnowerybie.pl\/wp-content\/uploads\/2021\/03\/Wewnetrzny-Regulamin-funkcjonowania-szkoly-w-trakcie-epidemii.pdf\"><br>Wewn\u0119trzny Regulamin funkcjonowania szko\u0142y w trakcie epidemii<\/a><a href=\"https:\/\/spnowerybie.pl\/wp-content\/uploads\/2021\/03\/Wewnetrzny-Regulamin-funkcjonowania-szkoly-w-trakcie-epidemii.pdf\" class=\"wp-block-file__button\" download>Pobierz<\/a><\/div>\n\n\n\n<div class=\"wp-block-file\"><a href=\"https:\/\/spnowerybie.pl\/wp-content\/uploads\/2021\/04\/REGULAMIN-ZDALNEGO-NAUCZANIA-Z-WYKORZYSTANIEM-MICROSOFT-OFFICE-TEAMS1.pdf\">Regulamin korzystania z platformy Microsoft Office Teams dla Edukacji Zdalnej w Szkole Podstawowej im. Marii D\u0105browskiej w Nowym Rybiu<\/a><a href=\"https:\/\/spnowerybie.pl\/wp-content\/uploads\/2021\/04\/REGULAMIN-ZDALNEGO-NAUCZANIA-Z-WYKORZYSTANIEM-MICROSOFT-OFFICE-TEAMS1.pdf\" class=\"wp-block-file__button\" download>Pobierz<\/a><\/div>\n\n\n\n<div class=\"wp-block-file\"><a href=\"https:\/\/spnowerybie.pl\/wp-content\/uploads\/2021\/04\/Zasady-zachowania-podczas-ewakuacji_final.pdf\">Zasady zachowania podczas ewakuacji<\/a><a href=\"https:\/\/spnowerybie.pl\/wp-content\/uploads\/2021\/04\/Zasady-zachowania-podczas-ewakuacji_final.pdf\" class=\"wp-block-file__button\" download>Pobierz<\/a><\/div>\n\n\n\n<div class=\"wp-block-file\"><a href=\"https:\/\/spnowerybie.pl\/wp-content\/uploads\/2021\/04\/procedury-2019.pdf\">Procedury reagowania w\u00a0przypadku wyst\u0105pienia wewn\u0119trznych i zewn\u0119trznych zagro\u017ce\u0144 fizycznych oraz zagro\u017ce\u0144 bezpiecze\u0144stwa cyfrowego w szkole<\/a><a href=\"https:\/\/spnowerybie.pl\/wp-content\/uploads\/2021\/04\/procedury-2019.pdf\" class=\"wp-block-file__button\" download>Pobierz<\/a><\/div>\n\n\n\n<p><\/p>\n","protected":false},"excerpt":{"rendered":"","protected":false},"author":1,"featured_media":0,"parent":17,"menu_order":0,"comment_status":"closed","ping_status":"closed","template":"","meta":{"ngg_post_thumbnail":0,"footnotes":""},"class_list":["post-916","page","type-page","status-publish","hentry"],"_links":{"self":[{"href":"https:\/\/spnowerybie.pl\/index.php?rest_route=\/wp\/v2\/pages\/916","targetHints":{"allow":["GET"]}}],"collection":[{"href":"https:\/\/spnowerybie.pl\/index.php?rest_route=\/wp\/v2\/pages"}],"about":[{"href":"https:\/\/spnowerybie.pl\/index.php?rest_route=\/wp\/v2\/types\/page"}],"author":[{"embeddable":true,"href":"https:\/\/spnowerybie.pl\/index.php?rest_route=\/wp\/v2\/users\/1"}],"replies":[{"embeddable":true,"href":"https:\/\/spnowerybie.pl\/index.php?rest_route=%2Fwp%2Fv2%2Fcomments&post=916"}],"version-history":[{"count":3,"href":"https:\/\/spnowerybie.pl\/index.php?rest_route=\/wp\/v2\/pages\/916\/revisions"}],"predecessor-version":[{"id":3170,"href":"https:\/\/spnowerybie.pl\/index.php?rest_route=\/wp\/v2\/pages\/916\/revisions\/3170"}],"up":[{"embeddable":true,"href":"https:\/\/spnowerybie.pl\/index.php?rest_route=\/wp\/v2\/pages\/17"}],"wp:attachment":[{"href":"https:\/\/spnowerybie.pl\/index.php?rest_route=%2Fwp%2Fv2%2Fmedia&parent=916"}],"curies":[{"name":"wp","href":"https:\/\/api.w.org\/{rel}","templated":true}]}}