{"id":892,"date":"2019-03-14T21:58:19","date_gmt":"2019-03-14T21:58:19","guid":{"rendered":"http:\/\/spnowerybie.pl\/?page_id=892"},"modified":"2026-03-03T12:12:36","modified_gmt":"2026-03-03T12:12:36","slug":"informatyka","status":"publish","type":"page","link":"https:\/\/spnowerybie.pl\/?page_id=892","title":{"rendered":"Informatyka"},"content":{"rendered":"\n<div class=\"wp-block-file\"><a id=\"wp-block-file--media-7bda9fdb-7d20-4c03-8293-74af0467f9ce\" href=\"https:\/\/spnowerybie.pl\/wp-content\/uploads\/2026\/02\/podsumowanie-excel-klasa-6.xlsx\">podsumowanie excel &#8211; klasa 6<\/a><a href=\"https:\/\/spnowerybie.pl\/wp-content\/uploads\/2026\/02\/podsumowanie-excel-klasa-6.xlsx\" class=\"wp-block-file__button wp-element-button\" download aria-describedby=\"wp-block-file--media-7bda9fdb-7d20-4c03-8293-74af0467f9ce\">Pobierz<\/a><\/div>\n\n\n\n<div class=\"wp-block-file\"><a id=\"wp-block-file--media-7b6cac57-79bd-46d3-ba32-ed6c6cc8e73b\" href=\"https:\/\/spnowerybie.pl\/wp-content\/uploads\/2026\/03\/Zwierzeta-lesne.docx\">Zwierz\u0119ta le\u015bne &#8211; \u0107wiczenia klasa 7<\/a><a href=\"https:\/\/spnowerybie.pl\/wp-content\/uploads\/2026\/03\/Zwierzeta-lesne.docx\" class=\"wp-block-file__button wp-element-button\" download aria-describedby=\"wp-block-file--media-7b6cac57-79bd-46d3-ba32-ed6c6cc8e73b\">Pobierz<\/a><\/div>\n\n\n\n<p><\/p>\n","protected":false},"excerpt":{"rendered":"","protected":false},"author":1,"featured_media":0,"parent":0,"menu_order":0,"comment_status":"closed","ping_status":"closed","template":"","meta":{"ngg_post_thumbnail":0,"footnotes":""},"class_list":["post-892","page","type-page","status-publish","hentry"],"_links":{"self":[{"href":"https:\/\/spnowerybie.pl\/index.php?rest_route=\/wp\/v2\/pages\/892","targetHints":{"allow":["GET"]}}],"collection":[{"href":"https:\/\/spnowerybie.pl\/index.php?rest_route=\/wp\/v2\/pages"}],"about":[{"href":"https:\/\/spnowerybie.pl\/index.php?rest_route=\/wp\/v2\/types\/page"}],"author":[{"embeddable":true,"href":"https:\/\/spnowerybie.pl\/index.php?rest_route=\/wp\/v2\/users\/1"}],"replies":[{"embeddable":true,"href":"https:\/\/spnowerybie.pl\/index.php?rest_route=%2Fwp%2Fv2%2Fcomments&post=892"}],"version-history":[{"count":32,"href":"https:\/\/spnowerybie.pl\/index.php?rest_route=\/wp\/v2\/pages\/892\/revisions"}],"predecessor-version":[{"id":7669,"href":"https:\/\/spnowerybie.pl\/index.php?rest_route=\/wp\/v2\/pages\/892\/revisions\/7669"}],"wp:attachment":[{"href":"https:\/\/spnowerybie.pl\/index.php?rest_route=%2Fwp%2Fv2%2Fmedia&parent=892"}],"curies":[{"name":"wp","href":"https:\/\/api.w.org\/{rel}","templated":true}]}}