{"id":7814,"date":"2026-04-19T17:35:11","date_gmt":"2026-04-19T17:35:11","guid":{"rendered":"https:\/\/spnowerybie.pl\/?page_id=7814"},"modified":"2026-04-19T17:35:12","modified_gmt":"2026-04-19T17:35:12","slug":"projekty","status":"publish","type":"page","link":"https:\/\/spnowerybie.pl\/?page_id=7814","title":{"rendered":"Projekty"},"content":{"rendered":"\n<p>W naszej szkole corocznie realizowane s\u0105 projekty og\u00f3lnopolskie. Anga\u017cuj\u0105 uczni\u00f3w i nauczycieli we wsp\u00f3lne dzia\u0142ania. Ich celem jest rozwijanie wiedzy, umiej\u0119tno\u015bci oraz postaw spo\u0142ecznych poprzez udzia\u0142 w r\u00f3\u017cnorodnych zadaniach, konkursach i akcjach tematycznych.<\/p>\n\n\n\n<p>Uczestnictwo w takich projektach pozwala uczniom poszerza\u0107 horyzonty, cz\u0119sto dotycz\u0105 one wa\u017cnych zagadnie\u0144, takich jak ekologia, zdrowy styl \u017cycia, czy nowoczesne technologie.<\/p>\n\n\n\n<p>Dzi\u0119ki projektom og\u00f3lnopolskim nasza szko\u0142a staje si\u0119 miejscem aktywnego uczenia si\u0119, a uczniowie maj\u0105 okazj\u0119 rozwija\u0107 swoje zainteresowania, kreatywno\u015b\u0107 oraz umiej\u0119tno\u015b\u0107 pracy w grupie.<\/p>\n","protected":false},"excerpt":{"rendered":"<p>W naszej szkole corocznie realizowane s\u0105 projekty og\u00f3lnopolskie. Anga\u017cuj\u0105 uczni\u00f3w i nauczycieli we wsp\u00f3lne dzia\u0142ania. Ich celem jest rozwijanie wiedzy, umiej\u0119tno\u015bci oraz postaw spo\u0142ecznych poprzez udzia\u0142 w r\u00f3\u017cnorodnych zadaniach, konkursach i akcjach tematycznych. Uczestnictwo w takich projektach pozwala uczniom poszerza\u0107 horyzonty, cz\u0119sto dotycz\u0105 one wa\u017cnych zagadnie\u0144, takich jak ekologia, zdrowy styl \u017cycia, czy nowoczesne technologie. [&hellip;]<\/p>\n","protected":false},"author":1,"featured_media":0,"parent":0,"menu_order":0,"comment_status":"closed","ping_status":"closed","template":"","meta":{"ngg_post_thumbnail":0,"footnotes":""},"class_list":["post-7814","page","type-page","status-publish","hentry"],"_links":{"self":[{"href":"https:\/\/spnowerybie.pl\/index.php?rest_route=\/wp\/v2\/pages\/7814","targetHints":{"allow":["GET"]}}],"collection":[{"href":"https:\/\/spnowerybie.pl\/index.php?rest_route=\/wp\/v2\/pages"}],"about":[{"href":"https:\/\/spnowerybie.pl\/index.php?rest_route=\/wp\/v2\/types\/page"}],"author":[{"embeddable":true,"href":"https:\/\/spnowerybie.pl\/index.php?rest_route=\/wp\/v2\/users\/1"}],"replies":[{"embeddable":true,"href":"https:\/\/spnowerybie.pl\/index.php?rest_route=%2Fwp%2Fv2%2Fcomments&post=7814"}],"version-history":[{"count":2,"href":"https:\/\/spnowerybie.pl\/index.php?rest_route=\/wp\/v2\/pages\/7814\/revisions"}],"predecessor-version":[{"id":7816,"href":"https:\/\/spnowerybie.pl\/index.php?rest_route=\/wp\/v2\/pages\/7814\/revisions\/7816"}],"wp:attachment":[{"href":"https:\/\/spnowerybie.pl\/index.php?rest_route=%2Fwp%2Fv2%2Fmedia&parent=7814"}],"curies":[{"name":"wp","href":"https:\/\/api.w.org\/{rel}","templated":true}]}}