{"id":77,"date":"2018-08-10T20:23:38","date_gmt":"2018-08-10T20:23:38","guid":{"rendered":"http:\/\/spnowerybie.pl\/?page_id=77"},"modified":"2025-11-19T18:19:32","modified_gmt":"2025-11-19T18:19:32","slug":"statut-szkoly","status":"publish","type":"page","link":"https:\/\/spnowerybie.pl\/?page_id=77","title":{"rendered":"Statut Szko\u0142y"},"content":{"rendered":"\n<div data-wp-interactive=\"core\/file\" class=\"wp-block-file\"><object data-wp-bind--hidden=\"!state.hasPdfPreview\" hidden class=\"wp-block-file__embed\" data=\"https:\/\/spnowerybie.pl\/wp-content\/uploads\/2025\/11\/Statut-Szkoly-Podstawowej-im.-Marii-Dabrowskiej-w-Nowym-Rybiu-1-wrzesnia-2025r.pdf\" type=\"application\/pdf\" style=\"width:100%;height:600px\" aria-label=\"Osadzone z Statut Szko\u0142y Podstawowej im. Marii D\u0105browskiej w Nowym Rybiu - 1 wrze\u015bnia 2025r..\"><\/object><a id=\"wp-block-file--media-54768467-88d9-44d1-a611-79886dabf548\" href=\"https:\/\/spnowerybie.pl\/wp-content\/uploads\/2025\/11\/Statut-Szkoly-Podstawowej-im.-Marii-Dabrowskiej-w-Nowym-Rybiu-1-wrzesnia-2025r.pdf\">Statut Szko\u0142y Podstawowej im. Marii D\u0105browskiej w Nowym Rybiu &#8211; 1 wrze\u015bnia 2025r.<\/a><a href=\"https:\/\/spnowerybie.pl\/wp-content\/uploads\/2025\/11\/Statut-Szkoly-Podstawowej-im.-Marii-Dabrowskiej-w-Nowym-Rybiu-1-wrzesnia-2025r.pdf\" class=\"wp-block-file__button wp-element-button\" download aria-describedby=\"wp-block-file--media-54768467-88d9-44d1-a611-79886dabf548\">Pobierz<\/a><\/div>\n","protected":false},"excerpt":{"rendered":"","protected":false},"author":1,"featured_media":0,"parent":0,"menu_order":0,"comment_status":"closed","ping_status":"closed","template":"","meta":{"ngg_post_thumbnail":0,"footnotes":""},"class_list":["post-77","page","type-page","status-publish","hentry"],"_links":{"self":[{"href":"https:\/\/spnowerybie.pl\/index.php?rest_route=\/wp\/v2\/pages\/77","targetHints":{"allow":["GET"]}}],"collection":[{"href":"https:\/\/spnowerybie.pl\/index.php?rest_route=\/wp\/v2\/pages"}],"about":[{"href":"https:\/\/spnowerybie.pl\/index.php?rest_route=\/wp\/v2\/types\/page"}],"author":[{"embeddable":true,"href":"https:\/\/spnowerybie.pl\/index.php?rest_route=\/wp\/v2\/users\/1"}],"replies":[{"embeddable":true,"href":"https:\/\/spnowerybie.pl\/index.php?rest_route=%2Fwp%2Fv2%2Fcomments&post=77"}],"version-history":[{"count":3,"href":"https:\/\/spnowerybie.pl\/index.php?rest_route=\/wp\/v2\/pages\/77\/revisions"}],"predecessor-version":[{"id":7352,"href":"https:\/\/spnowerybie.pl\/index.php?rest_route=\/wp\/v2\/pages\/77\/revisions\/7352"}],"wp:attachment":[{"href":"https:\/\/spnowerybie.pl\/index.php?rest_route=%2Fwp%2Fv2%2Fmedia&parent=77"}],"curies":[{"name":"wp","href":"https:\/\/api.w.org\/{rel}","templated":true}]}}