{"id":746,"date":"2019-02-08T20:51:07","date_gmt":"2019-02-08T20:51:07","guid":{"rendered":"http:\/\/spnowerybie.pl\/?page_id=746"},"modified":"2021-03-28T17:56:24","modified_gmt":"2021-03-28T17:56:24","slug":"nowe-rybie-na-starych-fotografiach","status":"publish","type":"page","link":"https:\/\/spnowerybie.pl\/?page_id=746","title":{"rendered":"Nowe Rybie na starych fotografiach"},"content":{"rendered":"<p class=\"pagecol1\"><span style=\"text-align: justify;\">Ogl\u0105danie starych fotografii to doskona\u0142y czas na refleksje i wspomnienia. Na prezentowanych archiwalnych zdj\u0119ciach&nbsp; z r\u00f3\u017cnych okres\u00f3w mo\u017cna zobaczy\u0107, jak kiedy\u015b wygl\u0105da\u0142o Nowe Rybie.<\/span><\/p>\n<h5 style=\"text-align: justify;\">Serdecznie zach\u0119camy do zapoznania si\u0119 z prezentacj\u0105 ukazuj\u0105c\u0105 histori\u0119 Nowego Rybia.<\/h5>\n<h5 style=\"text-align: justify;\">Link do zasobu:&nbsp;<\/h5>\n\n\n<div class=\"wp-block-file\"><a href=\"https:\/\/spnowerybie.pl\/wp-content\/uploads\/2021\/03\/nOWE-rYBIE-NA-STARYCH-FOTOGRAFIACH.pdf\">Nowe Rybie na starych fotografiach<\/a><a href=\"https:\/\/spnowerybie.pl\/wp-content\/uploads\/2021\/03\/nOWE-rYBIE-NA-STARYCH-FOTOGRAFIACH.pdf\" class=\"wp-block-file__button\" download>Pobierz<\/a><\/div>\n\n\n\n<p>Zdj\u0119cia pochodz\u0105 z Kroniki szkolnej, Narodowej Biblioteki Austrii oraz z prywatnych zbior\u00f3w mieszka\u0144c\u00f3w wsi Nowe Rybie. Dzi\u0119kujemy wszystkim ofiarodawcom.<\/p>\n","protected":false},"excerpt":{"rendered":"<p>Ogl\u0105danie starych fotografii to doskona\u0142y czas na refleksje i wspomnienia. Na prezentowanych archiwalnych zdj\u0119ciach&nbsp; z r\u00f3\u017cnych okres\u00f3w mo\u017cna zobaczy\u0107, jak kiedy\u015b wygl\u0105da\u0142o Nowe Rybie. Serdecznie zach\u0119camy do zapoznania si\u0119 z prezentacj\u0105 ukazuj\u0105c\u0105 histori\u0119 Nowego Rybia. Link do zasobu:&nbsp; Zdj\u0119cia pochodz\u0105 z Kroniki szkolnej, Narodowej Biblioteki Austrii oraz z prywatnych zbior\u00f3w mieszka\u0144c\u00f3w wsi Nowe Rybie. Dzi\u0119kujemy [&hellip;]<\/p>\n","protected":false},"author":1,"featured_media":0,"parent":14,"menu_order":0,"comment_status":"closed","ping_status":"closed","template":"","meta":{"ngg_post_thumbnail":0,"footnotes":""},"class_list":["post-746","page","type-page","status-publish","hentry"],"_links":{"self":[{"href":"https:\/\/spnowerybie.pl\/index.php?rest_route=\/wp\/v2\/pages\/746","targetHints":{"allow":["GET"]}}],"collection":[{"href":"https:\/\/spnowerybie.pl\/index.php?rest_route=\/wp\/v2\/pages"}],"about":[{"href":"https:\/\/spnowerybie.pl\/index.php?rest_route=\/wp\/v2\/types\/page"}],"author":[{"embeddable":true,"href":"https:\/\/spnowerybie.pl\/index.php?rest_route=\/wp\/v2\/users\/1"}],"replies":[{"embeddable":true,"href":"https:\/\/spnowerybie.pl\/index.php?rest_route=%2Fwp%2Fv2%2Fcomments&post=746"}],"version-history":[{"count":1,"href":"https:\/\/spnowerybie.pl\/index.php?rest_route=\/wp\/v2\/pages\/746\/revisions"}],"predecessor-version":[{"id":3092,"href":"https:\/\/spnowerybie.pl\/index.php?rest_route=\/wp\/v2\/pages\/746\/revisions\/3092"}],"up":[{"embeddable":true,"href":"https:\/\/spnowerybie.pl\/index.php?rest_route=\/wp\/v2\/pages\/14"}],"wp:attachment":[{"href":"https:\/\/spnowerybie.pl\/index.php?rest_route=%2Fwp%2Fv2%2Fmedia&parent=746"}],"curies":[{"name":"wp","href":"https:\/\/api.w.org\/{rel}","templated":true}]}}