{"id":45,"date":"2018-08-10T19:28:04","date_gmt":"2018-08-10T19:28:04","guid":{"rendered":"http:\/\/spnowerybie.pl\/?page_id=45"},"modified":"2021-03-28T18:55:52","modified_gmt":"2021-03-28T18:55:52","slug":"nasz-patron","status":"publish","type":"page","link":"https:\/\/spnowerybie.pl\/?page_id=45","title":{"rendered":"Nasz patron"},"content":{"rendered":"<p><strong><span style=\"font-size: inherit;\">Biografia<\/span><\/strong><\/p>\n<p style=\"text-align: justify;\"><strong>Maria D\u0105browska<\/strong> (z domu Szumska) urodzi\u0142a si\u0119 w 1889 roku w Russowie pod Kaliszem, w rodzinie ziemia\u0144skiej. Uczy\u0142a si\u0119 na pensjach w Kaliszu i w Warszawie, nast\u0119pnie za\u015b studiowa\u0142a nauki przyrodnicze, socjologi\u0119 i filozofi\u0119 w Lozannie. Potem kontynuowa\u0142a nauk\u0119 w Brukseli, gdzie zaanga\u017cowa\u0142a si\u0119 dzia\u0142alno\u015b\u0107 niepodleg\u0142o\u015bciow\u0105. W 1911 roku wysz\u0142a za Mariana D\u0105browskiego, cz\u0142onka PPS. Zwi\u0105za\u0142a si\u0119 r\u00f3wnie\u017c z ruchem ludowym i Towarzystwem Kooperatyst\u00f3w, z ramienia kt\u00f3rego wyjecha\u0142a na stypendium do Anglii. W 1917 roku osiedli\u0142a si\u0119 w Warszawie, gdzie nadal prowadzi\u0142a o\u017cywion\u0105 dzia\u0142alno\u015b\u0107 spo\u0142eczn\u0105, ideow\u0105 i publicystyczn\u0105. Prowadzi\u0142a mi\u0119dzy innymi kursy dla analfabet\u00f3w. Po odzyskaniu przez Polsk\u0119 niepodleg\u0142o\u015bci D\u0105browska znalaz\u0142a zatrudnienie w Ministerstwie Rolnictwa.<\/p>\n<p><a href=\"https:\/\/spnowerybie.pl\/wp-content\/uploads\/2021\/03\/db1.gif\"><img loading=\"lazy\" decoding=\"async\" class=\"size-full wp-image-3120 aligncenter\" src=\"https:\/\/spnowerybie.pl\/wp-content\/uploads\/2021\/03\/db1.gif\" alt=\"\" width=\"181\" height=\"240\"><\/a><\/p>\n<p style=\"text-align: justify;\">Od 1924 roku zajmowa\u0142a si\u0119 za\u015b g\u0142\u00f3wnie pisarstwem. W czasach narastaj\u0105cego autorytaryzmu sanacji pisarka anga\u017cowa\u0142a si\u0119 w akcje protestacyjne, by\u0142a zwi\u0105zana z Lig\u0105 Obrony Praw Cz\u0142owieka i Obywatela. Jako wyraz kontestacji istniej\u0105cego porz\u0105dku nie przyj\u0119\u0142a w 1935 roku wawrzynu PAL. Po \u015bmierci m\u0119\u017ca jej partnerem \u017cyciowym by\u0142 Stanis\u0142aw Stempowski. Pierwsze lata II wojny \u015bwiatowej pisarka sp\u0119dzi\u0142a we Lwowie, a od 1941 roku mieszka\u0142a w Warszawie, gdzie anga\u017cowa\u0142a si\u0119 w kultur\u0119 konspiracyjn\u0105. Po wojnie po kr\u00f3tkim pobycie we Wroc\u0142awiu wr\u00f3ci\u0142a do stolicy. W 1964 roku podpisa\u0142a \u201eList 34\u201d protestuj\u0105cy przeciwko narastaj\u0105cym ograniczeniom cenzuralnym. Zmar\u0142a w Warszawie w 1965 roku. By\u0142a laureatk\u0105 wielu presti\u017cowych nagr\u00f3d i odznacze\u0144 (np. doktorat honoris causa Uniwersytetu Warszawskiego).<\/p>\n<p><span style=\"color: inherit; font-size: 1.56em; font-weight: 600; text-align: justify;\">Charakterystyka tw\u00f3rczo\u015bci<\/span><\/p>\n<div>\n<p style=\"text-align: justify;\">D\u0105browska by\u0142a powie\u015bciopisark\u0105, publicystk\u0105, dramaturgiem i t\u0142umaczem. Jak zaznacza Jerzy Kwiatkowski, pisarstwo D\u0105browskiej wyrasta\u0142o z jej wcze\u015bniejszej tw\u00f3rczo\u015bci publicystycznej i dziennikarskiej. W latach 20. pisarka wyda\u0142a trzy zbiory nowel inspirowane jej zainteresowaniami i wra\u017cliwo\u015bci\u0105 spo\u0142eczn\u0105: \u201eGa\u0142\u0105\u017a czere\u015bni\u201d (1922), \u201eU\u015bmiech dzieci\u0144stwa\u201d (1923), \u201eLudzie stamt\u0105d\u201d (1926).<\/p>\n<p style=\"text-align: justify;\">W \u201eU\u015bmiechu dzieci\u0144stwa\u201d ujawni\u0142y si\u0119 inspiracje autobiograficzne, a tak\u017ce zainteresowanie tematem dzieci\u0119cej psychiki. Z kolei \u201eLudzie stamt\u0105d\u201d to ksi\u0105\u017cka, kt\u00f3rej bohaterami uczyni\u0142a autorka s\u0142u\u017cb\u0119 folwarczn\u0105. Dosz\u0142o tu zatem do g\u0142osu zainteresowanie pisarki \u017cyciem prostych ludzi i ich percepcj\u0105 \u015bwiata, zw\u0142aszcza postrzeganiem innych. Tytu\u0142owi \u201eludzie stamt\u0105d\u201d to bowiem mieszka\u0144cy dworu obserwowani przez s\u0142u\u017cb\u0119. Nie chodzi tu jednak o klasowy podzia\u0142 \u015bwiata, ale o egzystencjaln\u0105 g\u0142\u0119bi\u0119 i dostrze\u017cenie, \u017ce ludzki los ma charakter uniwersalny, ka\u017cdy musi si\u0119 zmierzy\u0107 z problemami takimi, jak mi\u0142o\u015b\u0107 czy cierpienie. Zbi\u00f3r ten inicjowa\u0142 pr\u0105d wielkiego realizmu psychologicznego w polskiej prozie dwudziestolecia.<\/p>\n<p style=\"text-align: justify;\">W latach 1931 \u2013 1934 ukaza\u0142o si\u0119 najwi\u0119ksze dzie\u0142o D\u0105browskiej, czyli \u201eNoce i dnie\u201d. By\u0142a to wielotomowa, epicka powie\u015b\u0107 utrzymana w konwencji rodzinnej sagi, kt\u00f3rej akcja przedstawia\u0142a dzieje kilku pokole\u0144 rodu Ostrze\u0144skich i Niechcic\u00f3w pocz\u0105wszy od powstania styczniowego a\u017c po wybuch I wojny \u015bwiatowej. Pisarka opr\u00f3cz bogatych analiz psychologicznych i socjologicznych zawar\u0142a tu r\u00f3wnie\u017c w\u0105tki autobiograficzne. Barbara i Bogumi\u0142 byli bowiem postaciami wzorowanymi na rodzicach D\u0105browskiej, natomiast ona sama pojawi\u0142a si\u0119 na kartach powie\u015bci jako Agnisia. W 1938 roku ukaza\u0142 si\u0119 natomiast zbi\u00f3r nowel \u201eZnaki \u017cycia\u201d, kt\u00f3rego bohaterowie byli w wi\u0119kszo\u015bci zwi\u0105zani z fabu\u0142\u0105 \u201eNocy i dni\u201d (np. panna Winczewska).<\/p>\n<p><a href=\"https:\/\/spnowerybie.pl\/wp-content\/uploads\/2021\/03\/db2.jpg\"><img loading=\"lazy\" decoding=\"async\" class=\"size-full wp-image-3122 aligncenter\" src=\"https:\/\/spnowerybie.pl\/wp-content\/uploads\/2021\/03\/db2.jpg\" alt=\"\" width=\"400\" height=\"400\" srcset=\"https:\/\/spnowerybie.pl\/wp-content\/uploads\/2021\/03\/db2.jpg 400w, https:\/\/spnowerybie.pl\/wp-content\/uploads\/2021\/03\/db2-300x300.jpg 300w, https:\/\/spnowerybie.pl\/wp-content\/uploads\/2021\/03\/db2-150x150.jpg 150w\" sizes=\"auto, (max-width: 400px) 100vw, 400px\" \/><\/a><\/p>\n<p style=\"text-align: justify;\">Po II wojnie \u015bwiatowej pisarka wyda\u0142a z kolei zbi\u00f3r \u201eGwiazda zaranna\u201d, a tak\u017ce s\u0142ynna ksi\u0105\u017ck\u0119 o uwielbianej przez ni\u0105 tw\u00f3rczo\u015bci Jospha Conrada (\u201eSzkice o Conradzie\u201d). Bardzo wa\u017cnym dzie\u0142em D\u0105browskiej by\u0142y te\u017c jej \u201eDzienniki 1914 \u2013 1965\u201d.<\/p>\n<\/div>\n<p>\u017ar\u00f3d\u0142a: https:\/\/eszkola.pl\/jezyk-polski\/maria-dabrowska-3030.html; https:\/\/pl.wikipedia.org\/wiki\/Maria_D%C4%85browska#\/media\/File:Maria_Dabrowska.gif; https:\/\/pl.wikipedia.org\/wiki\/Maria_D%C4%85browska#\/media\/File:Maria_D%C4%85browska_ok._1914.jpg; https:\/\/www.kuriergalicyjski.com\/historia\/upamietnienia\/4199-szlakiem-marii-dabrowskiej<\/p>\n","protected":false},"excerpt":{"rendered":"<p>Biografia Maria D\u0105browska (z domu Szumska) urodzi\u0142a si\u0119 w 1889 roku w Russowie pod Kaliszem, w rodzinie ziemia\u0144skiej. Uczy\u0142a si\u0119 na pensjach w Kaliszu i w Warszawie, nast\u0119pnie za\u015b studiowa\u0142a nauki przyrodnicze, socjologi\u0119 i filozofi\u0119 w Lozannie. Potem kontynuowa\u0142a nauk\u0119 w Brukseli, gdzie zaanga\u017cowa\u0142a si\u0119 dzia\u0142alno\u015b\u0107 niepodleg\u0142o\u015bciow\u0105. W 1911 roku wysz\u0142a za Mariana D\u0105browskiego, cz\u0142onka [&hellip;]<\/p>\n","protected":false},"author":1,"featured_media":0,"parent":0,"menu_order":0,"comment_status":"closed","ping_status":"closed","template":"","meta":{"ngg_post_thumbnail":0,"footnotes":""},"class_list":["post-45","page","type-page","status-publish","hentry"],"_links":{"self":[{"href":"https:\/\/spnowerybie.pl\/index.php?rest_route=\/wp\/v2\/pages\/45","targetHints":{"allow":["GET"]}}],"collection":[{"href":"https:\/\/spnowerybie.pl\/index.php?rest_route=\/wp\/v2\/pages"}],"about":[{"href":"https:\/\/spnowerybie.pl\/index.php?rest_route=\/wp\/v2\/types\/page"}],"author":[{"embeddable":true,"href":"https:\/\/spnowerybie.pl\/index.php?rest_route=\/wp\/v2\/users\/1"}],"replies":[{"embeddable":true,"href":"https:\/\/spnowerybie.pl\/index.php?rest_route=%2Fwp%2Fv2%2Fcomments&post=45"}],"version-history":[{"count":2,"href":"https:\/\/spnowerybie.pl\/index.php?rest_route=\/wp\/v2\/pages\/45\/revisions"}],"predecessor-version":[{"id":3125,"href":"https:\/\/spnowerybie.pl\/index.php?rest_route=\/wp\/v2\/pages\/45\/revisions\/3125"}],"wp:attachment":[{"href":"https:\/\/spnowerybie.pl\/index.php?rest_route=%2Fwp%2Fv2%2Fmedia&parent=45"}],"curies":[{"name":"wp","href":"https:\/\/api.w.org\/{rel}","templated":true}]}}