{"id":4320,"date":"2022-09-04T20:04:21","date_gmt":"2022-09-04T20:04:21","guid":{"rendered":"https:\/\/spnowerybie.pl\/?page_id=4320"},"modified":"2025-09-29T17:07:32","modified_gmt":"2025-09-29T17:07:32","slug":"dowozy","status":"publish","type":"page","link":"https:\/\/spnowerybie.pl\/?page_id=4320","title":{"rendered":"Dowozy"},"content":{"rendered":"\n<p class=\"has-text-align-center\"><a><strong>Dowozy<\/strong><\/a><\/p>\n\n\n\n<p class=\"has-text-align-center\"><strong>Rok szkolny 2025\/2026<\/strong><\/p>\n\n\n\n<p class=\"has-text-align-center\">Obowi\u0105zuj\u0105 od 29.09.2025<\/p>\n\n\n\n<p class=\"has-text-align-center\"><strong>DOW\u00d3Z DO SZKO\u0141Y<\/strong><\/p>\n\n\n\n<p>Podana godzina odjazdu z pierwszego przystanku<\/p>\n\n\n\n<figure class=\"wp-block-table\"><table><tbody><tr><td class=\"has-text-align-center\" data-align=\"center\"><\/td><td class=\"has-text-align-center\" data-align=\"center\">Obwodnica<br>I przystanek<\/td><td class=\"has-text-align-center\" data-align=\"center\">Obwodnica<br>I przystanek<\/td><\/tr><tr><td class=\"has-text-align-center\" data-align=\"center\"><strong>Poniedzia\u0142ek<\/strong><\/td><td class=\"has-text-align-center\" data-align=\"center\">7:10<\/td><td class=\"has-text-align-center\" data-align=\"center\">8:10<\/td><\/tr><tr><td class=\"has-text-align-center\" data-align=\"center\"><strong>Wtorek<\/strong><\/td><td class=\"has-text-align-center\" data-align=\"center\">7:10<\/td><td class=\"has-text-align-center\" data-align=\"center\">8:10<\/td><\/tr><tr><td class=\"has-text-align-center\" data-align=\"center\"><strong>\u015aroda<\/strong><\/td><td class=\"has-text-align-center\" data-align=\"center\">7:10<\/td><td class=\"has-text-align-center\" data-align=\"center\">8:10<\/td><\/tr><tr><td class=\"has-text-align-center\" data-align=\"center\"><strong>Czwartek<\/strong><\/td><td class=\"has-text-align-center\" data-align=\"center\">7:10<\/td><td class=\"has-text-align-center\" data-align=\"center\">8:10<\/td><\/tr><tr><td class=\"has-text-align-center\" data-align=\"center\"><strong>Pi\u0105tek<\/strong><\/td><td class=\"has-text-align-center\" data-align=\"center\">7:10<\/td><td class=\"has-text-align-center\" data-align=\"center\">8:10<\/td><\/tr><\/tbody><\/table><\/figure>\n\n\n\n<p class=\"has-text-align-center\"> <strong>ODJAZD ZE SZKO\u0141Y<\/strong><\/p>\n\n\n\n<p>Podana godzina odjazdu ze szko\u0142y <\/p>\n\n\n\n<figure class=\"wp-block-table\"><table><tbody><tr><td class=\"has-text-align-center\" data-align=\"center\"><\/td><td class=\"has-text-align-center\" data-align=\"center\">Odjazd ze szko\u0142y<\/td><td class=\"has-text-align-center\" data-align=\"center\">Odjazd ze szko\u0142y<\/td><\/tr><tr><td class=\"has-text-align-center\" data-align=\"center\"><strong>Poniedzia\u0142ek<\/strong><\/td><td class=\"has-text-align-center\" data-align=\"center\">13:15<\/td><td class=\"has-text-align-center\" data-align=\"center\">14:55<\/td><\/tr><tr><td class=\"has-text-align-center\" data-align=\"center\"><strong>Wtorek<\/strong><\/td><td class=\"has-text-align-center\" data-align=\"center\">13:15<\/td><td class=\"has-text-align-center\" data-align=\"center\">14:05<\/td><\/tr><tr><td class=\"has-text-align-center\" data-align=\"center\"><strong>\u015aroda<\/strong><\/td><td class=\"has-text-align-center\" data-align=\"center\">13:15<\/td><td class=\"has-text-align-center\" data-align=\"center\">14:05<\/td><\/tr><tr><td class=\"has-text-align-center\" data-align=\"center\"><strong>Czwartek<\/strong><\/td><td class=\"has-text-align-center\" data-align=\"center\">13:15<\/td><td class=\"has-text-align-center\" data-align=\"center\">14:05<\/td><\/tr><tr><td class=\"has-text-align-center\" data-align=\"center\"><strong>Pi\u0105tek<\/strong><\/td><td class=\"has-text-align-center\" data-align=\"center\">13:15<\/td><td class=\"has-text-align-center\" data-align=\"center\">14:05<\/td><\/tr><\/tbody><\/table><\/figure>\n\n\n\n<p><\/p>\n","protected":false},"excerpt":{"rendered":"<p>Dowozy Rok szkolny 2025\/2026 Obowi\u0105zuj\u0105 od 29.09.2025 DOW\u00d3Z DO SZKO\u0141Y Podana godzina odjazdu z pierwszego przystanku ObwodnicaI przystanek ObwodnicaI przystanek Poniedzia\u0142ek 7:10 8:10 Wtorek 7:10 8:10 \u015aroda 7:10 8:10 Czwartek 7:10 8:10 Pi\u0105tek 7:10 8:10 ODJAZD ZE SZKO\u0141Y Podana godzina odjazdu ze szko\u0142y Odjazd ze szko\u0142y Odjazd ze szko\u0142y Poniedzia\u0142ek 13:15 14:55 Wtorek 13:15 14:05 [&hellip;]<\/p>\n","protected":false},"author":1,"featured_media":0,"parent":0,"menu_order":0,"comment_status":"closed","ping_status":"closed","template":"","meta":{"ngg_post_thumbnail":0,"footnotes":""},"class_list":["post-4320","page","type-page","status-publish","hentry"],"_links":{"self":[{"href":"https:\/\/spnowerybie.pl\/index.php?rest_route=\/wp\/v2\/pages\/4320","targetHints":{"allow":["GET"]}}],"collection":[{"href":"https:\/\/spnowerybie.pl\/index.php?rest_route=\/wp\/v2\/pages"}],"about":[{"href":"https:\/\/spnowerybie.pl\/index.php?rest_route=\/wp\/v2\/types\/page"}],"author":[{"embeddable":true,"href":"https:\/\/spnowerybie.pl\/index.php?rest_route=\/wp\/v2\/users\/1"}],"replies":[{"embeddable":true,"href":"https:\/\/spnowerybie.pl\/index.php?rest_route=%2Fwp%2Fv2%2Fcomments&post=4320"}],"version-history":[{"count":8,"href":"https:\/\/spnowerybie.pl\/index.php?rest_route=\/wp\/v2\/pages\/4320\/revisions"}],"predecessor-version":[{"id":6980,"href":"https:\/\/spnowerybie.pl\/index.php?rest_route=\/wp\/v2\/pages\/4320\/revisions\/6980"}],"wp:attachment":[{"href":"https:\/\/spnowerybie.pl\/index.php?rest_route=%2Fwp%2Fv2%2Fmedia&parent=4320"}],"curies":[{"name":"wp","href":"https:\/\/api.w.org\/{rel}","templated":true}]}}