{"id":41,"date":"2018-08-10T19:26:57","date_gmt":"2018-08-10T19:26:57","guid":{"rendered":"http:\/\/spnowerybie.pl\/?page_id=41"},"modified":"2018-08-10T19:26:57","modified_gmt":"2018-08-10T19:26:57","slug":"misja-i-wizja-szkoly","status":"publish","type":"page","link":"https:\/\/spnowerybie.pl\/?page_id=41","title":{"rendered":"Misja i wizja szko\u0142y"},"content":{"rendered":"<p style=\"text-align: center;\"><strong>Misja i wizja szko\u0142y<\/strong><strong>&nbsp;<\/strong><\/p>\n<p style=\"text-align: center;\"><strong><em>\u201eCz\u0142owiek jest wielki nie przez to co posiada, lecz przez to, kim jest\u201d<\/em><\/strong><\/p>\n<p style=\"text-align: center;\"><em>&nbsp;&nbsp;&nbsp;&nbsp;&nbsp;&nbsp;&nbsp;&nbsp;&nbsp;&nbsp;&nbsp;&nbsp;&nbsp;&nbsp;&nbsp;&nbsp;&nbsp;&nbsp;&nbsp;&nbsp;&nbsp;&nbsp;&nbsp;&nbsp;&nbsp;&nbsp;&nbsp;&nbsp;&nbsp;&nbsp;&nbsp;&nbsp;&nbsp;&nbsp;&nbsp;&nbsp;&nbsp;&nbsp;&nbsp;&nbsp;&nbsp;&nbsp;&nbsp;&nbsp;&nbsp;&nbsp;&nbsp;&nbsp;&nbsp;&nbsp;&nbsp;&nbsp;&nbsp;&nbsp;&nbsp;&nbsp;&nbsp;&nbsp;&nbsp;&nbsp;&nbsp;&nbsp;&nbsp;&nbsp;&nbsp;&nbsp;&nbsp;&nbsp;&nbsp;&nbsp;&nbsp;&nbsp;&nbsp;&nbsp;&nbsp;&nbsp;&nbsp;&nbsp;&nbsp;&nbsp;&nbsp;&nbsp;&nbsp;&nbsp;&nbsp;&nbsp;&nbsp;&nbsp;&nbsp;&nbsp;&nbsp;&nbsp;&nbsp;&nbsp;&nbsp;&nbsp;&nbsp;&nbsp;&nbsp;&nbsp;&nbsp;&nbsp;&nbsp;&nbsp;&nbsp;&nbsp;&nbsp;&nbsp;&nbsp;&nbsp;&nbsp;&nbsp;&nbsp;&nbsp;&nbsp; \/Jan Pawe\u0142 II\/<\/em><\/p>\n<p><strong>&nbsp;<\/strong><\/p>\n<h4 style=\"text-align: center;\"><strong>Misja szko\u0142y<\/strong><\/h4>\n<p style=\"text-align: justify;\">Misj\u0105 szko\u0142y jest wspieranie uczni\u00f3w w ich wszechstronnym rozwoju, zmierzaj\u0105cym do osi\u0105gni\u0119cia doskona\u0142ej osobowo\u015bci.<\/p>\n<p style=\"text-align: justify;\">To ucze\u0144 jest usytuowany w centrum dzia\u0142alno\u015bci szkolnej, kt\u00f3ra s\u0142u\u017cy kszta\u0142towaniu i wspomaganiu wychowanka w osi\u0105gni\u0119ciu coraz pe\u0142niejszej wewn\u0119trznej harmonii jego sfery fizycznej, emocjonalnej, intelektualnej i duchowej.<\/p>\n<p>&nbsp;<\/p>\n<h4 style=\"text-align: center;\"><strong>Wizja Pracy Szko\u0142y<\/strong><\/h4>\n<p style=\"text-align: center;\"><strong><em>\u201eUczymy si\u0119 nie dla szko\u0142y lecz dla \u017cycia. Musisz \u017cy\u0107 dla drugiego, <\/em><\/strong><strong><em>je\u015bli chcesz \u017cy\u0107 z po\u017cytkiem dla siebie\u201d.<\/em><\/strong><\/p>\n<p style=\"text-align: right;\"><em>\/Seneka\/<\/em><\/p>\n<p style=\"text-align: justify;\">Najwa\u017cniejsze cele edukacji w szkole:<\/p>\n<ul style=\"text-align: justify;\">\n<li>Wypracowanie podstaw przygotowuj\u0105cych dziecko do spo\u0142ecznego \u017cycia i odnoszenia w nim sukces\u00f3w.<\/li>\n<li>Kszta\u0142towanie jednostki wra\u017cliwej, otwartej na drugiego cz\u0142owieka, tolerancyjnej, umiej\u0105cej wybra\u0107 w \u017cyciu to, co pi\u0119kne i dobre.<\/li>\n<\/ul>\n<p style=\"text-align: justify;\">Bior\u0105c pod uwag\u0119 psychiczny i fizyczny rozw\u00f3j dziecka na danym etapie, b\u0119dziemy przede wszystkim kszta\u0142towa\u0107 i wzbogaca\u0107 osobowo\u015b\u0107 ucznia przez: dzia\u0142anie, prze\u017cywanie i pozytywne przyk\u0142ady.<\/p>\n<p style=\"text-align: justify;\">Wszelka nauka, aby by\u0142a skuteczna, rozpoczyna\u0107 si\u0119 musi od zmys\u0142owych spostrze\u017ce\u0144 i osobistych do\u015bwiadcze\u0144, a nie od opisu rzeczy s\u0142owami, dlatego opr\u00f3cz nauczania wychowuj\u0105cego chcemy zaproponowa\u0107 uczniom szerok\u0105 ofert\u0119 zaj\u0119\u0107 pozalekcyjnych. Pragniemy, aby dzieci czerpi\u0105c rado\u015b\u0107 z konkretnych dzia\u0142a\u0144 i widz\u0105c ich sens uczy\u0142y si\u0119 dokonywa\u0107 pozytywnych wybor\u00f3w.<\/p>\n","protected":false},"excerpt":{"rendered":"<p>Misja i wizja szko\u0142y&nbsp; \u201eCz\u0142owiek jest wielki nie przez to co posiada, lecz przez to, kim jest\u201d &nbsp;&nbsp;&nbsp;&nbsp;&nbsp;&nbsp;&nbsp;&nbsp;&nbsp;&nbsp;&nbsp;&nbsp;&nbsp;&nbsp;&nbsp;&nbsp;&nbsp;&nbsp;&nbsp;&nbsp;&nbsp;&nbsp;&nbsp;&nbsp;&nbsp;&nbsp;&nbsp;&nbsp;&nbsp;&nbsp;&nbsp;&nbsp;&nbsp;&nbsp;&nbsp;&nbsp;&nbsp;&nbsp;&nbsp;&nbsp;&nbsp;&nbsp;&nbsp;&nbsp;&nbsp;&nbsp;&nbsp;&nbsp;&nbsp;&nbsp;&nbsp;&nbsp;&nbsp;&nbsp;&nbsp;&nbsp;&nbsp;&nbsp;&nbsp;&nbsp;&nbsp;&nbsp;&nbsp;&nbsp;&nbsp;&nbsp;&nbsp;&nbsp;&nbsp;&nbsp;&nbsp;&nbsp;&nbsp;&nbsp;&nbsp;&nbsp;&nbsp;&nbsp;&nbsp;&nbsp;&nbsp;&nbsp;&nbsp;&nbsp;&nbsp;&nbsp;&nbsp;&nbsp;&nbsp;&nbsp;&nbsp;&nbsp;&nbsp;&nbsp;&nbsp;&nbsp;&nbsp;&nbsp;&nbsp;&nbsp;&nbsp;&nbsp;&nbsp;&nbsp;&nbsp;&nbsp;&nbsp;&nbsp;&nbsp;&nbsp;&nbsp;&nbsp;&nbsp;&nbsp;&nbsp; \/Jan Pawe\u0142 II\/ &nbsp; Misja szko\u0142y Misj\u0105 szko\u0142y jest wspieranie uczni\u00f3w w ich wszechstronnym rozwoju, zmierzaj\u0105cym do osi\u0105gni\u0119cia doskona\u0142ej osobowo\u015bci. To ucze\u0144 jest usytuowany w centrum dzia\u0142alno\u015bci szkolnej, kt\u00f3ra s\u0142u\u017cy kszta\u0142towaniu i wspomaganiu wychowanka w osi\u0105gni\u0119ciu coraz [&hellip;]<\/p>\n","protected":false},"author":1,"featured_media":0,"parent":0,"menu_order":0,"comment_status":"closed","ping_status":"closed","template":"","meta":{"ngg_post_thumbnail":0,"footnotes":""},"class_list":["post-41","page","type-page","status-publish","hentry"],"_links":{"self":[{"href":"https:\/\/spnowerybie.pl\/index.php?rest_route=\/wp\/v2\/pages\/41","targetHints":{"allow":["GET"]}}],"collection":[{"href":"https:\/\/spnowerybie.pl\/index.php?rest_route=\/wp\/v2\/pages"}],"about":[{"href":"https:\/\/spnowerybie.pl\/index.php?rest_route=\/wp\/v2\/types\/page"}],"author":[{"embeddable":true,"href":"https:\/\/spnowerybie.pl\/index.php?rest_route=\/wp\/v2\/users\/1"}],"replies":[{"embeddable":true,"href":"https:\/\/spnowerybie.pl\/index.php?rest_route=%2Fwp%2Fv2%2Fcomments&post=41"}],"version-history":[{"count":0,"href":"https:\/\/spnowerybie.pl\/index.php?rest_route=\/wp\/v2\/pages\/41\/revisions"}],"wp:attachment":[{"href":"https:\/\/spnowerybie.pl\/index.php?rest_route=%2Fwp%2Fv2%2Fmedia&parent=41"}],"curies":[{"name":"wp","href":"https:\/\/api.w.org\/{rel}","templated":true}]}}