{"id":39,"date":"2018-08-10T19:26:40","date_gmt":"2018-08-10T19:26:40","guid":{"rendered":"http:\/\/spnowerybie.pl\/?page_id=39"},"modified":"2025-10-14T19:20:16","modified_gmt":"2025-10-14T19:20:16","slug":"kalendarz-szkolny","status":"publish","type":"page","link":"https:\/\/spnowerybie.pl\/?page_id=39","title":{"rendered":"Kalendarz szkolny"},"content":{"rendered":"\n<p><\/p>\n\n\n\n<p class=\"has-text-align-center\"><strong>Kalendarz roku szkolnego&nbsp; 2024\/202<\/strong>5<\/p>\n\n\n\n<figure class=\"wp-block-table is-style-stripes\"><table><tbody><tr><td class=\"has-text-align-center\" data-align=\"center\"><strong>Lp.<\/strong><\/td><td class=\"has-text-align-center\" data-align=\"center\"><strong>WYSZCZEG\u00d3LNIENIE<\/strong><\/td><td class=\"has-text-align-center\" data-align=\"center\"><strong>DATA<\/strong><\/td><td class=\"has-text-align-center\" data-align=\"center\"><strong>UWAGI<\/strong><\/td><\/tr><tr><td class=\"has-text-align-center\" data-align=\"center\">1<strong>.<\/strong><\/td><td class=\"has-text-align-center\" data-align=\"center\">Rozpocz\u0119cie zaj\u0119\u0107 dydaktyczno -wychowawczych<\/td><td class=\"has-text-align-center\" data-align=\"center\">1 wrze\u015bnia 2025r.<\/td><td class=\"has-text-align-center\" data-align=\"center\">&nbsp;<\/td><\/tr><tr><td class=\"has-text-align-center\" data-align=\"center\">2.<\/td><td class=\"has-text-align-center\" data-align=\"center\">\u015awi\u0119to Edukacji Narodowej<\/td><td class=\"has-text-align-center\" data-align=\"center\">14 pa\u017adziernika 2025r.<\/td><td class=\"has-text-align-center\" data-align=\"center\">Dzie\u0144 wolny od zaj\u0119\u0107 dydaktycznych<\/td><\/tr><tr><td class=\"has-text-align-center\" data-align=\"center\">3.<\/td><td class=\"has-text-align-center\" data-align=\"center\">\u015awi\u0119to Szko\u0142y &#8211; 60 lecie<\/td><td class=\"has-text-align-center\" data-align=\"center\">15 pa\u017adziernika 2025r.<\/td><td class=\"has-text-align-center\" data-align=\"center\">Dzie\u0144 wolny od zaj\u0119\u0107 dydaktycznych \u2013 decyzja po uzgodnieniu z RR i SU<\/td><\/tr><tr><td class=\"has-text-align-center\" data-align=\"center\">4.<\/td><td class=\"has-text-align-center\" data-align=\"center\">Dzie\u0144 wolny przed \u015bwi\u0119tem<\/td><td class=\"has-text-align-center\" data-align=\"center\">10 listopada 2025r. <\/td><td class=\"has-text-align-center\" data-align=\"center\">Dzie\u0144 wolny od zaj\u0119\u0107 dydaktycznych \u2013 decyzja po uzgodnieniu z RR i SU<\/td><\/tr><tr><td class=\"has-text-align-center\" data-align=\"center\">5<strong>.<\/strong><\/td><td class=\"has-text-align-center\" data-align=\"center\">\u015awi\u0119to Niepodleg\u0142o\u015bci<\/td><td class=\"has-text-align-center\" data-align=\"center\">11 listopada 2025r.<\/td><td class=\"has-text-align-center\" data-align=\"center\">Dzie\u0144 ustawowo wolny<\/td><\/tr><tr><td class=\"has-text-align-center\" data-align=\"center\">6.<\/td><td class=\"has-text-align-center\" data-align=\"center\">Zimowa przerwa \u015bwi\u0105teczna <\/td><td class=\"has-text-align-center\" data-align=\"center\">22 \u2013 31 grudnia 2025r.<\/td><td class=\"has-text-align-center\" data-align=\"center\">Dni ustawowo wolne<\/td><\/tr><tr><td class=\"has-text-align-center\" data-align=\"center\">7.<\/td><td class=\"has-text-align-center\" data-align=\"center\">Nowy Rok<\/td><td class=\"has-text-align-center\" data-align=\"center\">1 stycznia 2026r.<\/td><td class=\"has-text-align-center\" data-align=\"center\">Dzie\u0144 ustawowo wolny<\/td><\/tr><tr><td class=\"has-text-align-center\" data-align=\"center\">8.<\/td><td class=\"has-text-align-center\" data-align=\"center\">Dzie\u0144 wolny po \u015bwi\u0119tach<\/td><td class=\"has-text-align-center\" data-align=\"center\">2 stycznia 2026r<\/td><td class=\"has-text-align-center\" data-align=\"center\">Dzie\u0144 wolny od zaj\u0119\u0107 dydaktycznych \u2013 decyzja po uzgodnieniu z RR i SU<\/td><\/tr><tr><td class=\"has-text-align-center\" data-align=\"center\">9.<\/td><td class=\"has-text-align-center\" data-align=\"center\">Dzie\u0144 wolny przed \u015bwi\u0119tem<\/td><td class=\"has-text-align-center\" data-align=\"center\">5 stycznia 2026r.<\/td><td class=\"has-text-align-center\" data-align=\"center\">Dzie\u0144 wolny od zaj\u0119\u0107 dydaktycznych \u2013 decyzja po uzgodnieniu z RR i SU<\/td><\/tr><tr><td class=\"has-text-align-center\" data-align=\"center\">10.<\/td><td class=\"has-text-align-center\" data-align=\"center\">\u015awi\u0119to Trzech Kr\u00f3li<\/td><td class=\"has-text-align-center\" data-align=\"center\">6 stycznia 2026r.<\/td><td class=\"has-text-align-center\" data-align=\"center\">Dzie\u0144 ustawowo wolny<\/td><\/tr><tr><td class=\"has-text-align-center\" data-align=\"center\">11<strong>.<\/strong><\/td><td class=\"has-text-align-center\" data-align=\"center\">Ferie zimowe<\/td><td class=\"has-text-align-center\" data-align=\"center\">2  &#8211; 15\u00a0lutego 2026r<\/td><td class=\"has-text-align-center\" data-align=\"center\">&nbsp;<\/td><\/tr><tr><td class=\"has-text-align-center\" data-align=\"center\">12.<\/td><td class=\"has-text-align-center\" data-align=\"center\">Rekolekcje<\/td><td class=\"has-text-align-center\" data-align=\"center\">3 dni<\/td><td class=\"has-text-align-center\" data-align=\"center\">Dni wolne od zaj\u0119\u0107 dydaktycznych<\/td><\/tr><tr><td class=\"has-text-align-center\" data-align=\"center\">13.<\/td><td class=\"has-text-align-center\" data-align=\"center\">Wiosenna przerwa \u015bwi\u0105teczna<\/td><td class=\"has-text-align-center\" data-align=\"center\">2-7  kwietnia 2026r.<\/td><td class=\"has-text-align-center\" data-align=\"center\"><\/td><\/tr><tr><td class=\"has-text-align-center\" data-align=\"center\">14.<\/td><td class=\"has-text-align-center\" data-align=\"center\">Dzie\u0144 przed \u015bwi\u0119tem<\/td><td class=\"has-text-align-center\" data-align=\"center\">30 kwietnia 2026r.<\/td><td class=\"has-text-align-center\" data-align=\"center\">Dzie\u0144 wolny od zaj\u0119\u0107 dydaktycznych \u2013 decyzja po uzgodnieniu z RR i SU <\/td><\/tr><tr><td class=\"has-text-align-center\" data-align=\"center\">15.<\/td><td class=\"has-text-align-center\" data-align=\"center\">Majowe \u015awi\u0119to<\/td><td class=\"has-text-align-center\" data-align=\"center\">1 maja 2026r.<\/td><td class=\"has-text-align-center\" data-align=\"center\">Dni ustawowo wolne<\/td><\/tr><tr><td class=\"has-text-align-center\" data-align=\"center\">16.<\/td><td class=\"has-text-align-center\" data-align=\"center\">Egzamin \u00f3smoklasisty<\/td><td class=\"has-text-align-center\" data-align=\"center\">11 maja 2026r.<\/td><td class=\"has-text-align-center\" data-align=\"center\"> j\u0119zyk polski   <\/td><\/tr><tr><td class=\"has-text-align-center\" data-align=\"center\">17.<\/td><td class=\"has-text-align-center\" data-align=\"center\">Egzamin \u00f3smoklasisty <\/td><td class=\"has-text-align-center\" data-align=\"center\">12 maja 2026r.<\/td><td class=\"has-text-align-center\" data-align=\"center\">matematyka<\/td><\/tr><tr><td class=\"has-text-align-center\" data-align=\"center\">18.<\/td><td class=\"has-text-align-center\" data-align=\"center\">Egzamin \u00f3smoklasisty <\/td><td class=\"has-text-align-center\" data-align=\"center\">13 maja 2026r.<\/td><td class=\"has-text-align-center\" data-align=\"center\">j\u0119zyk angielski<\/td><\/tr><tr><td class=\"has-text-align-center\" data-align=\"center\">19<strong>.<\/strong><\/td><td class=\"has-text-align-center\" data-align=\"center\">Bo\u017ce Cia\u0142o<\/td><td class=\"has-text-align-center\" data-align=\"center\">4 czerwca 2026r.<\/td><td class=\"has-text-align-center\" data-align=\"center\">Dzie\u0144 ustawowo wolny <\/td><\/tr><tr><td class=\"has-text-align-center\" data-align=\"center\">20.<\/td><td class=\"has-text-align-center\" data-align=\"center\">Dzie\u0144 po \u015bwi\u0119cie<\/td><td class=\"has-text-align-center\" data-align=\"center\">5 czerwca 2026r.<\/td><td class=\"has-text-align-center\" data-align=\"center\">Dzie\u0144 wolny od zaj\u0119\u0107 dydaktycznych \u2013 decyzja po uzgodnieniu z RR i SU<\/td><\/tr><tr><td class=\"has-text-align-center\" data-align=\"center\">21.<\/td><td class=\"has-text-align-center\" data-align=\"center\">Zako\u0144czenie roku szkolnego<\/td><td class=\"has-text-align-center\" data-align=\"center\"><strong>26 czerwca 2026 r.<\/strong><\/td><td class=\"has-text-align-center\" data-align=\"center\">&nbsp;<\/td><\/tr><tr><td class=\"has-text-align-center\" data-align=\"center\">22.<\/td><td class=\"has-text-align-center\" data-align=\"center\">Ferie letnie<\/td><td class=\"has-text-align-center\" data-align=\"center\">27 czerwca 2026r. \u2013 31 sierpnia\u00a02026r.<\/td><td class=\"has-text-align-center\" data-align=\"center\">&nbsp;<\/td><\/tr><\/tbody><\/table><\/figure>\n\n\n\n<p>\u00a0Aktualny od 1 wrze\u015bnia 2025 r.<\/p>\n\n\n\n<p><\/p>\n","protected":false},"excerpt":{"rendered":"<p>Kalendarz roku szkolnego&nbsp; 2024\/2025 Lp. WYSZCZEG\u00d3LNIENIE DATA UWAGI 1. Rozpocz\u0119cie zaj\u0119\u0107 dydaktyczno -wychowawczych 1 wrze\u015bnia 2025r. &nbsp; 2. \u015awi\u0119to Edukacji Narodowej 14 pa\u017adziernika 2025r. Dzie\u0144 wolny od zaj\u0119\u0107 dydaktycznych 3. \u015awi\u0119to Szko\u0142y &#8211; 60 lecie 15 pa\u017adziernika 2025r. Dzie\u0144 wolny od zaj\u0119\u0107 dydaktycznych \u2013 decyzja po uzgodnieniu z RR i SU 4. Dzie\u0144 wolny przed [&hellip;]<\/p>\n","protected":false},"author":1,"featured_media":0,"parent":0,"menu_order":0,"comment_status":"closed","ping_status":"closed","template":"","meta":{"ngg_post_thumbnail":0,"footnotes":""},"class_list":["post-39","page","type-page","status-publish","hentry"],"_links":{"self":[{"href":"https:\/\/spnowerybie.pl\/index.php?rest_route=\/wp\/v2\/pages\/39","targetHints":{"allow":["GET"]}}],"collection":[{"href":"https:\/\/spnowerybie.pl\/index.php?rest_route=\/wp\/v2\/pages"}],"about":[{"href":"https:\/\/spnowerybie.pl\/index.php?rest_route=\/wp\/v2\/types\/page"}],"author":[{"embeddable":true,"href":"https:\/\/spnowerybie.pl\/index.php?rest_route=\/wp\/v2\/users\/1"}],"replies":[{"embeddable":true,"href":"https:\/\/spnowerybie.pl\/index.php?rest_route=%2Fwp%2Fv2%2Fcomments&post=39"}],"version-history":[{"count":6,"href":"https:\/\/spnowerybie.pl\/index.php?rest_route=\/wp\/v2\/pages\/39\/revisions"}],"predecessor-version":[{"id":6992,"href":"https:\/\/spnowerybie.pl\/index.php?rest_route=\/wp\/v2\/pages\/39\/revisions\/6992"}],"wp:attachment":[{"href":"https:\/\/spnowerybie.pl\/index.php?rest_route=%2Fwp%2Fv2%2Fmedia&parent=39"}],"curies":[{"name":"wp","href":"https:\/\/api.w.org\/{rel}","templated":true}]}}