{"id":37,"date":"2018-08-10T19:26:25","date_gmt":"2018-08-10T19:26:25","guid":{"rendered":"http:\/\/spnowerybie.pl\/?page_id=37"},"modified":"2025-09-29T17:31:53","modified_gmt":"2025-09-29T17:31:53","slug":"tygodniowy-rozklad-zajec-edukacyjnych","status":"publish","type":"page","link":"https:\/\/spnowerybie.pl\/?page_id=37","title":{"rendered":"Tygodniowy rozk\u0142ad zaj\u0119\u0107 edukacyjnych"},"content":{"rendered":"<h5>Zapoznaj si\u0119 z aktualnym tygodniowym rozk\u0142adem zaj\u0119\u0107 edukacyjnych:&nbsp;<\/h5>\n<p>&nbsp;<\/p>\n\n\n<div data-wp-interactive=\"core\/file\" class=\"wp-block-file\"><object data-wp-bind--hidden=\"!state.hasPdfPreview\" hidden class=\"wp-block-file__embed\" data=\"https:\/\/spnowerybie.pl\/wp-content\/uploads\/2025\/09\/TYGODNIOWY-ROZKLAD-ZAJEC-EDUKACYJNYCH-od-29.09.2025.pdf\" type=\"application\/pdf\" style=\"width:100%;height:600px\" aria-label=\"Osadzone z TYGODNIOWY ROZK\u0141AD ZAJ\u0118\u0106 EDUKACYJNYCH od 29.09.2025.\"><\/object><a id=\"wp-block-file--media-f9e2f19e-9abf-497d-b5b1-13f813a87028\" href=\"https:\/\/spnowerybie.pl\/wp-content\/uploads\/2025\/09\/TYGODNIOWY-ROZKLAD-ZAJEC-EDUKACYJNYCH-od-29.09.2025.pdf\">TYGODNIOWY ROZK\u0141AD ZAJ\u0118\u0106 EDUKACYJNYCH od 29.09.2025<\/a><a href=\"https:\/\/spnowerybie.pl\/wp-content\/uploads\/2025\/09\/TYGODNIOWY-ROZKLAD-ZAJEC-EDUKACYJNYCH-od-29.09.2025.pdf\" class=\"wp-block-file__button wp-element-button\" download aria-describedby=\"wp-block-file--media-f9e2f19e-9abf-497d-b5b1-13f813a87028\">Pobierz<\/a><\/div>\n\n\n\n<p><\/p>\n","protected":false},"excerpt":{"rendered":"<p>Zapoznaj si\u0119 z aktualnym tygodniowym rozk\u0142adem zaj\u0119\u0107 edukacyjnych:&nbsp; &nbsp;<\/p>\n","protected":false},"author":1,"featured_media":0,"parent":0,"menu_order":0,"comment_status":"closed","ping_status":"closed","template":"","meta":{"ngg_post_thumbnail":0,"footnotes":""},"class_list":["post-37","page","type-page","status-publish","hentry"],"_links":{"self":[{"href":"https:\/\/spnowerybie.pl\/index.php?rest_route=\/wp\/v2\/pages\/37","targetHints":{"allow":["GET"]}}],"collection":[{"href":"https:\/\/spnowerybie.pl\/index.php?rest_route=\/wp\/v2\/pages"}],"about":[{"href":"https:\/\/spnowerybie.pl\/index.php?rest_route=\/wp\/v2\/types\/page"}],"author":[{"embeddable":true,"href":"https:\/\/spnowerybie.pl\/index.php?rest_route=\/wp\/v2\/users\/1"}],"replies":[{"embeddable":true,"href":"https:\/\/spnowerybie.pl\/index.php?rest_route=%2Fwp%2Fv2%2Fcomments&post=37"}],"version-history":[{"count":27,"href":"https:\/\/spnowerybie.pl\/index.php?rest_route=\/wp\/v2\/pages\/37\/revisions"}],"predecessor-version":[{"id":6982,"href":"https:\/\/spnowerybie.pl\/index.php?rest_route=\/wp\/v2\/pages\/37\/revisions\/6982"}],"wp:attachment":[{"href":"https:\/\/spnowerybie.pl\/index.php?rest_route=%2Fwp%2Fv2%2Fmedia&parent=37"}],"curies":[{"name":"wp","href":"https:\/\/api.w.org\/{rel}","templated":true}]}}