{"id":3646,"date":"2021-11-23T12:14:00","date_gmt":"2021-11-23T12:14:00","guid":{"rendered":"https:\/\/spnowerybie.pl\/?page_id=3646"},"modified":"2022-01-28T20:09:22","modified_gmt":"2022-01-28T20:09:22","slug":"zarzadzenia","status":"publish","type":"page","link":"https:\/\/spnowerybie.pl\/?page_id=3646","title":{"rendered":"Zarz\u0105dzenia"},"content":{"rendered":"\n<div class=\"wp-block-file\"><a href=\"https:\/\/spnowerybie.pl\/wp-content\/uploads\/2021\/11\/Zarzadzenie-nr-3-covid.docx\">Zarz\u0105dzenie nr 3 z dnia 23 listopada 2021 roku w sprawie czasowego zawieszenia zaj\u0119\u0107 stacjonarnych w klasie 4 i klasie 8 ze wzgl\u0119du na sytuacj\u0119 epidemiologiczn\u0105.<\/a><a href=\"https:\/\/spnowerybie.pl\/wp-content\/uploads\/2021\/11\/Zarzadzenie-nr-3-covid.docx\" class=\"wp-block-file__button\" download>Pobierz<\/a><\/div>\n\n\n\n<div class=\"wp-block-file\"><a href=\"https:\/\/spnowerybie.pl\/wp-content\/uploads\/2021\/11\/Zarzadzenie-nr-4-covid.docx\">Zarzadzenie nr 4 z dnia 25 listopada 2021 roku w sprawie czasowego zawieszenia zaj\u0119\u0107 stacjonarnych w klasie 5 &nbsp;ze wzgl\u0119du na sytuacj\u0119 epidemiologiczn\u0105.<\/a><a href=\"https:\/\/spnowerybie.pl\/wp-content\/uploads\/2021\/11\/Zarzadzenie-nr-4-covid.docx\" class=\"wp-block-file__button\" download>Pobierz<\/a><\/div>\n\n\n\n<div class=\"wp-block-file\"><a href=\"https:\/\/spnowerybie.pl\/wp-content\/uploads\/2021\/12\/Zarzadzenie-nr-6.pdf\">Zarz\u0105dzenie nr 6 z dnia 29 listopada 2021 roku. w sprawie czasowego zawieszenia zaj\u0119\u0107 stacjonarnych w klasie 3  ze wzgl\u0119du na sytuacj\u0119 epidemiologiczn\u0105.<\/a><a href=\"https:\/\/spnowerybie.pl\/wp-content\/uploads\/2021\/12\/Zarzadzenie-nr-6.pdf\" class=\"wp-block-file__button\" download>Pobierz<\/a><\/div>\n\n\n\n<div class=\"wp-block-file\"><a href=\"https:\/\/spnowerybie.pl\/wp-content\/uploads\/2021\/12\/Zarzadzenie-nr-7.pdf\">Zarz\u0105dzenie nr 7 z dnia 2 grudnia 2021 roku. w sprawie czasowego zawieszenia zaj\u0119\u0107 stacjonarnych w klasie 7  ze wzgl\u0119du na sytuacj\u0119 epidemiologiczn\u0105.<\/a><a href=\"https:\/\/spnowerybie.pl\/wp-content\/uploads\/2021\/12\/Zarzadzenie-nr-7.pdf\" class=\"wp-block-file__button\" download>Pobierz<\/a><\/div>\n\n\n\n<div class=\"wp-block-file\"><a href=\"https:\/\/spnowerybie.pl\/wp-content\/uploads\/2021\/12\/Zarzadzenie-nr-8.pdf\">Zarz\u0105dzenie Nr 8 z dnia 7 grudnia 2021 roku. w sprawie czasowego zawieszenia zaj\u0119\u0107 stacjonarnych w klasach 4-6  ze wzgl\u0119du na sytuacj\u0119 epidemiologiczn\u0105.<\/a><a href=\"https:\/\/spnowerybie.pl\/wp-content\/uploads\/2021\/12\/Zarzadzenie-nr-8.pdf\" class=\"wp-block-file__button\" download>Pobierz<\/a><\/div>\n\n\n\n<div class=\"wp-block-file\"><a href=\"https:\/\/spnowerybie.pl\/wp-content\/uploads\/2022\/01\/Zarzadzenie-Nr-12-z-dnia-27-stycznia-2022r.-w-sprawie-wprowadzenia-zdalnego-nauczania.pdf\">Zarzadzenie-Nr-12-z-dnia-27-stycznia-2022r.-w-sprawie-wprowadzenia-zdalnego-nauczania<\/a><a href=\"https:\/\/spnowerybie.pl\/wp-content\/uploads\/2022\/01\/Zarzadzenie-Nr-12-z-dnia-27-stycznia-2022r.-w-sprawie-wprowadzenia-zdalnego-nauczania.pdf\" class=\"wp-block-file__button\" download>Pobierz<\/a><\/div>\n","protected":false},"excerpt":{"rendered":"","protected":false},"author":1,"featured_media":0,"parent":0,"menu_order":0,"comment_status":"closed","ping_status":"closed","template":"","meta":{"ngg_post_thumbnail":0,"footnotes":""},"class_list":["post-3646","page","type-page","status-publish","hentry"],"_links":{"self":[{"href":"https:\/\/spnowerybie.pl\/index.php?rest_route=\/wp\/v2\/pages\/3646","targetHints":{"allow":["GET"]}}],"collection":[{"href":"https:\/\/spnowerybie.pl\/index.php?rest_route=\/wp\/v2\/pages"}],"about":[{"href":"https:\/\/spnowerybie.pl\/index.php?rest_route=\/wp\/v2\/types\/page"}],"author":[{"embeddable":true,"href":"https:\/\/spnowerybie.pl\/index.php?rest_route=\/wp\/v2\/users\/1"}],"replies":[{"embeddable":true,"href":"https:\/\/spnowerybie.pl\/index.php?rest_route=%2Fwp%2Fv2%2Fcomments&post=3646"}],"version-history":[{"count":5,"href":"https:\/\/spnowerybie.pl\/index.php?rest_route=\/wp\/v2\/pages\/3646\/revisions"}],"predecessor-version":[{"id":3844,"href":"https:\/\/spnowerybie.pl\/index.php?rest_route=\/wp\/v2\/pages\/3646\/revisions\/3844"}],"wp:attachment":[{"href":"https:\/\/spnowerybie.pl\/index.php?rest_route=%2Fwp%2Fv2%2Fmedia&parent=3646"}],"curies":[{"name":"wp","href":"https:\/\/api.w.org\/{rel}","templated":true}]}}