{"id":3058,"date":"2021-03-26T16:57:00","date_gmt":"2021-03-26T16:57:00","guid":{"rendered":"https:\/\/spnowerybie.pl\/?page_id=3058"},"modified":"2021-03-28T18:47:57","modified_gmt":"2021-03-28T18:47:57","slug":"deklaracja-dostepnosci","status":"publish","type":"page","link":"https:\/\/spnowerybie.pl\/?page_id=3058","title":{"rendered":"Deklaracja dost\u0119pno\u015bci"},"content":{"rendered":"\n<p><strong>WST\u0118P<\/strong>:<\/p>\n\n\n\n<p>Szko\u0142a Podstawowa im. Marii D\u0105browskiej w Nowym Rybiu&nbsp;zobowi\u0105zuje si\u0119 zapewni\u0107 dost\u0119pno\u015b\u0107 swojej strony internetowej zgodnie z przepisami ustawy z dnia 4 kwietnia 2019 r. o dost\u0119pno\u015bci cyfrowej stron internetowych i aplikacji mobilnych podmiot\u00f3w publicznych. O\u015bwiadczenie w sprawie dost\u0119pno\u015bci ma zastosowanie do strony internetowej&nbsp;<a href=\"http:\/\/sp16gdynia.pl\/\">http:\/\/spnowerybie.pl<\/a><\/p>\n\n\n\n<p><strong>Data publikacji strony internetowej:&nbsp;<\/strong>2017-08-20<\/p>\n\n\n\n<p><strong>Data ostatniej istotnej aktualizacji:&nbsp;<\/strong>2021-03-26<\/p>\n\n\n\n<p><strong>STATUS POD WZGL\u0118DEM ZGODNO\u015aCI Z USTAW\u0104:<\/strong><\/p>\n\n\n\n<p>Strona internetowa jest <strong>cz\u0119\u015bciowo zgodna<\/strong> z ustaw\u0105 z dnia 4 kwietnia 2019 r. o dost\u0119pno\u015bci cyfrowej stron internetowych i aplikacji mobilnych podmiot\u00f3w publicznych z powodu niezgodno\u015bci lub wy\u0142\u0105cze\u0144 wymienionych poni\u017cej:<\/p>\n\n\n\n<ul class=\"wp-block-list\"><li>filmy nie posiadaj\u0105 napis\u00f3w dla os\u00f3b g\u0142uchych<\/li><li>niekt\u00f3re zdj\u0119cia z wydarze\u0144 nie posiadaj\u0105 pe\u0142nych opis\u00f3w alternatywnych<\/li><li>mapy s\u0105 wy\u0142\u0105czone z obowi\u0105zku zapewniania dost\u0119pno\u015bci<\/li><li>dokumenty w PDF nie s\u0105 dokumentami edytowalnymi<\/li><li>cz\u0119\u015b\u0107 plik\u00f3w&nbsp;nie&nbsp;jest&nbsp;dost\u0119pnych&nbsp;cyfrowo<\/li><\/ul>\n\n\n\n<p><strong>INFORMACJE DODATKOWE \u2013 STRONA POSIADA:<\/strong><\/p>\n\n\n\n<p>Narz\u0119dzia u\u0142atwie\u0144 dost\u0119pu a w nim:<\/p>\n\n\n\n<ul class=\"wp-block-list\"><li>podwy\u017cszony kontrast<\/li><li>mo\u017cliwo\u015b\u0107 powi\u0119kszenia liter<\/li><li>mo\u017cliwo\u015b\u0107 pomniejszenia liter<\/li><li>pod\u015bwietlane linki<\/li><li>podkre\u015blone linki<\/li><li>mapa strony<\/li><li>nawigacja klawiatur\u0105<\/li><li>skala szaro\u015bci<\/li><li>jasne t\u0142o<\/li><\/ul>\n\n\n\n<p>Na stronie internetowej mo\u017cna u\u017cywa\u0107 standardowych skr\u00f3t\u00f3w klawiaturowych przegl\u0105darki.<\/p>\n\n\n\n<p><strong>DATA SPORZ\u0104DZENIA DEKLARACJI:<\/strong><\/p>\n\n\n\n<p><strong>Deklaracje&nbsp; sporz\u0105dzono dnia<\/strong>&nbsp;25-03-2021 r.<\/p>\n\n\n\n<p>Deklaracj\u0119 sporz\u0105dzono na podstawie samooceny przeprowadzonej przez podmiot publiczny.<\/p>\n\n\n\n<p><strong>KONTAKT I INFORMACJE ZWROTNE:<\/strong><\/p>\n\n\n\n<p>Osoba do kontaktu w sprawie dost\u0119pno\u015bci:&nbsp;Maria Su\u0142kowska<br>e-mail:<a href=\"http:\/\/sp16gdynia.pl\/deklaracja-dostepnosci\/%E2%80%9Dmailto:\"> spnowerybie@poczta.onet.pl<\/a><br>telefon:&nbsp;18 3322106<br>T\u0105 sam\u0105 drog\u0105 mo\u017cna sk\u0142ada\u0107 wnioski o udost\u0119pnienie informacji niedost\u0119pnej oraz sk\u0142ada\u0107 \u017c\u0105dania zapewnienia dost\u0119pno\u015bci.<\/p>\n\n\n\n<p><strong>PROCEDURA WNIOSKOWO-SKARGOWA<\/strong><\/p>\n\n\n\n<p>Ka\u017cdy ma prawo do wyst\u0105pienia z \u017c\u0105daniem zapewnienia dost\u0119pno\u015bci cyfrowej strony internetowej, aplikacji mobilnej lub jakiego\u015b ich elementu. Mo\u017cna tak\u017ce za\u017c\u0105da\u0107 udost\u0119pnienia informacji za pomoc\u0105 alternatywnego sposobu dost\u0119pu, na przyk\u0142ad przez odczytanie niedost\u0119pnego cyfrowo dokumentu, opisanie zawarto\u015bci filmu bez audiodeskrypcji itp. \u017b\u0105danie powinno zawiera\u0107 dane osoby zg\u0142aszaj\u0105cej \u017c\u0105danie, wskazanie, o kt\u00f3r\u0105 stron\u0119 internetow\u0105 lub aplikacj\u0119 mobiln\u0105 chodzi oraz spos\u00f3b kontaktu. Je\u017celi osoba \u017c\u0105daj\u0105ca zg\u0142asza potrzeb\u0119 otrzymania informacji za pomoc\u0105 alternatywnego sposobu dost\u0119pu, powinna tak\u017ce okre\u015bli\u0107 dogodny dla niej spos\u00f3b przedstawienia tej informacji. Podmiot publiczny powinien zrealizowa\u0107 \u017c\u0105danie niezw\u0142ocznie, nie p\u00f3\u017aniej ni\u017c w ci\u0105gu 7 dni od dnia wyst\u0105pienia z \u017c\u0105daniem. Je\u017celi dotrzymanie tego terminu nie jest mo\u017cliwe, podmiot publiczny niezw\u0142ocznie informuje o tym wnosz\u0105cego \u017c\u0105danie, kiedy realizacja \u017c\u0105dania b\u0119dzie mo\u017cliwa, przy czym termin ten nie mo\u017ce by\u0107 d\u0142u\u017cszy ni\u017c 2 miesi\u0105ce od dnia wyst\u0105pienia z \u017c\u0105daniem. Je\u017celi zapewnienie dost\u0119pno\u015bci cyfrowej nie jest mo\u017cliwe, podmiot publiczny mo\u017ce zaproponowa\u0107 alternatywny spos\u00f3b dost\u0119pu do informacji. W przypadku, gdy podmiot publiczny odm\u00f3wi realizacji \u017c\u0105dania zapewnienia dost\u0119pno\u015bci lub alternatywnego sposobu dost\u0119pu do informacji, wnosz\u0105cy \u017c\u0105danie mo\u017cne z\u0142o\u017cy\u0107 skarg\u0119 w sprawie zapewniana dost\u0119pno\u015bci cyfrowej strony internetowej, aplikacji mobilnej lub elementu strony internetowej, lub aplikacji mobilnej. Po wyczerpaniu wskazanej wy\u017cej procedury mo\u017cna tak\u017ce z\u0142o\u017cy\u0107 wniosek do Rzecznika Praw Obywatelskich: www.rpo.gov.pl<\/p>\n","protected":false},"excerpt":{"rendered":"<p>WST\u0118P: Szko\u0142a Podstawowa im. Marii D\u0105browskiej w Nowym Rybiu&nbsp;zobowi\u0105zuje si\u0119 zapewni\u0107 dost\u0119pno\u015b\u0107 swojej strony internetowej zgodnie z przepisami ustawy z dnia 4 kwietnia 2019 r. o dost\u0119pno\u015bci cyfrowej stron internetowych i aplikacji mobilnych podmiot\u00f3w publicznych. O\u015bwiadczenie w sprawie dost\u0119pno\u015bci ma zastosowanie do strony internetowej&nbsp;http:\/\/spnowerybie.pl Data publikacji strony internetowej:&nbsp;2017-08-20 Data ostatniej istotnej aktualizacji:&nbsp;2021-03-26 STATUS POD WZGL\u0118DEM [&hellip;]<\/p>\n","protected":false},"author":1,"featured_media":0,"parent":0,"menu_order":0,"comment_status":"closed","ping_status":"closed","template":"","meta":{"ngg_post_thumbnail":0,"footnotes":""},"class_list":["post-3058","page","type-page","status-publish","hentry"],"_links":{"self":[{"href":"https:\/\/spnowerybie.pl\/index.php?rest_route=\/wp\/v2\/pages\/3058","targetHints":{"allow":["GET"]}}],"collection":[{"href":"https:\/\/spnowerybie.pl\/index.php?rest_route=\/wp\/v2\/pages"}],"about":[{"href":"https:\/\/spnowerybie.pl\/index.php?rest_route=\/wp\/v2\/types\/page"}],"author":[{"embeddable":true,"href":"https:\/\/spnowerybie.pl\/index.php?rest_route=\/wp\/v2\/users\/1"}],"replies":[{"embeddable":true,"href":"https:\/\/spnowerybie.pl\/index.php?rest_route=%2Fwp%2Fv2%2Fcomments&post=3058"}],"version-history":[{"count":2,"href":"https:\/\/spnowerybie.pl\/index.php?rest_route=\/wp\/v2\/pages\/3058\/revisions"}],"predecessor-version":[{"id":3119,"href":"https:\/\/spnowerybie.pl\/index.php?rest_route=\/wp\/v2\/pages\/3058\/revisions\/3119"}],"wp:attachment":[{"href":"https:\/\/spnowerybie.pl\/index.php?rest_route=%2Fwp%2Fv2%2Fmedia&parent=3058"}],"curies":[{"name":"wp","href":"https:\/\/api.w.org\/{rel}","templated":true}]}}