{"id":2925,"date":"2021-02-17T06:26:26","date_gmt":"2021-02-17T06:26:26","guid":{"rendered":"http:\/\/spnowerybie.pl\/?page_id=2925"},"modified":"2022-03-21T20:47:32","modified_gmt":"2022-03-21T20:47:32","slug":"inne","status":"publish","type":"page","link":"https:\/\/spnowerybie.pl\/?page_id=2925","title":{"rendered":"Informacje"},"content":{"rendered":"<p>Drodzy Rodzice!<br>Internet staje si\u0119 przestrzeni\u0105 coraz bardziej niebezpieczn\u0105 dla dzieci. Chodzi zar\u00f3wno o czas, kt\u00f3ry nasze dzieci sp\u0119dzaj\u0105 ze smartfonem czy laptopem, jak i tre\u015bci, kt\u00f3re ogl\u0105daj\u0105, najcz\u0119\u015bciej bez kontroli doros\u0142ych.<\/p>\n<p>Zach\u0119camy do zapoznania si\u0119 z broszurami informacyjnymi, rekomendowanymi przez Ministerstwo Edukacji i Nauki.<\/p>\n\n\n<div class=\"wp-block-file\"><a id=\"wp-block-file--media-1f3bd347-8655-4d1f-9a7b-dbd0ac8c8217\" href=\"https:\/\/spnowerybie.pl\/wp-content\/uploads\/2022\/03\/broszura-Dzieci-w-wirtualnej-sieci_wydanie-III_17.02.2022.pdf\">broszura-Dzieci-w-wirtualnej-sieci_wydanie-III_17.02.2022<\/a><a href=\"https:\/\/spnowerybie.pl\/wp-content\/uploads\/2022\/03\/broszura-Dzieci-w-wirtualnej-sieci_wydanie-III_17.02.2022.pdf\" class=\"wp-block-file__button\" download aria-describedby=\"wp-block-file--media-1f3bd347-8655-4d1f-9a7b-dbd0ac8c8217\">Pobierz<\/a><\/div>\n\n\n\n<div class=\"wp-block-file\"><a id=\"wp-block-file--media-0bbaeda7-d9d7-4213-89e8-e00fc9bc47a0\" href=\"https:\/\/spnowerybie.pl\/wp-content\/uploads\/2022\/03\/broszura-Nastolatki-w-wirtualnym-tunelu-18.02.2022.pdf\">broszura-Nastolatki-w-wirtualnym-tunelu-18.02.2022<\/a><a href=\"https:\/\/spnowerybie.pl\/wp-content\/uploads\/2022\/03\/broszura-Nastolatki-w-wirtualnym-tunelu-18.02.2022.pdf\" class=\"wp-block-file__button\" download aria-describedby=\"wp-block-file--media-0bbaeda7-d9d7-4213-89e8-e00fc9bc47a0\">Pobierz<\/a><\/div>\n","protected":false},"excerpt":{"rendered":"<p>Drodzy Rodzice!Internet staje si\u0119 przestrzeni\u0105 coraz bardziej niebezpieczn\u0105 dla dzieci. Chodzi zar\u00f3wno o czas, kt\u00f3ry nasze dzieci sp\u0119dzaj\u0105 ze smartfonem czy laptopem, jak i tre\u015bci, kt\u00f3re ogl\u0105daj\u0105, najcz\u0119\u015bciej bez kontroli doros\u0142ych. Zach\u0119camy do zapoznania si\u0119 z broszurami informacyjnymi, rekomendowanymi przez Ministerstwo Edukacji i Nauki.<\/p>\n","protected":false},"author":1,"featured_media":0,"parent":0,"menu_order":0,"comment_status":"closed","ping_status":"closed","template":"","meta":{"ngg_post_thumbnail":0,"footnotes":""},"class_list":["post-2925","page","type-page","status-publish","hentry"],"_links":{"self":[{"href":"https:\/\/spnowerybie.pl\/index.php?rest_route=\/wp\/v2\/pages\/2925","targetHints":{"allow":["GET"]}}],"collection":[{"href":"https:\/\/spnowerybie.pl\/index.php?rest_route=\/wp\/v2\/pages"}],"about":[{"href":"https:\/\/spnowerybie.pl\/index.php?rest_route=\/wp\/v2\/types\/page"}],"author":[{"embeddable":true,"href":"https:\/\/spnowerybie.pl\/index.php?rest_route=\/wp\/v2\/users\/1"}],"replies":[{"embeddable":true,"href":"https:\/\/spnowerybie.pl\/index.php?rest_route=%2Fwp%2Fv2%2Fcomments&post=2925"}],"version-history":[{"count":2,"href":"https:\/\/spnowerybie.pl\/index.php?rest_route=\/wp\/v2\/pages\/2925\/revisions"}],"predecessor-version":[{"id":3954,"href":"https:\/\/spnowerybie.pl\/index.php?rest_route=\/wp\/v2\/pages\/2925\/revisions\/3954"}],"wp:attachment":[{"href":"https:\/\/spnowerybie.pl\/index.php?rest_route=%2Fwp%2Fv2%2Fmedia&parent=2925"}],"curies":[{"name":"wp","href":"https:\/\/api.w.org\/{rel}","templated":true}]}}