{"id":16,"date":"2018-08-10T19:23:58","date_gmt":"2018-08-10T19:23:58","guid":{"rendered":"http:\/\/spnowerybie.pl\/?page_id=16"},"modified":"2025-05-06T11:01:16","modified_gmt":"2025-05-06T11:01:16","slug":"rodo","status":"publish","type":"page","link":"https:\/\/spnowerybie.pl\/?page_id=16","title":{"rendered":"RODO"},"content":{"rendered":"<p>Uprzejme prosimy o zapoznanie si\u0119 z&nbsp;klauzul\u0105 informacyjn\u0105:<\/p>\n<p style=\"text-align: center;\"><strong>Klauzula informacyjna<\/strong><\/p>\n<p style=\"text-align: left;\">Zgodnie z art. 13 ust. 1 i ust. 2 og\u00f3lnego rozporz\u0105dzenia o ochronie danych osobowych z dnia 27 kwietnia 2016 r. informuj\u0119, \u017ce:<\/p>\n<ol>\n<li style=\"text-align: justify;\">Administratorem Pani\/Pana\/dziecka danych osobowych jest Szko\u0142a Podstawowa im. Marii D\u0105browskiej w Nowym Rybiu, e-mail spnowerybie@poczta.onet.pl, telefon (18) 33-22-106 reprezentowana przez Dyrektora Szko\u0142y &#8211; Maria Su\u0142kowska.<\/li>\n<li style=\"text-align: justify;\">Zosta\u0142 powo\u0142any inspektor danych osobowych i ma Pani\/Pan\/dziecko prawo kontaktu z nim za pomoc\u0105 adresu e-mail david.kowalski@gptogatus.pl<\/li>\n<li style=\"text-align: justify;\">Pani\/Pana\/dziecka dane osobowe przetwarzane b\u0119d\u0105 zgodnie z art. 6 ust. 1 lit. a) (na podstawie zgody) b) (wykonanie umowy) c) (przepisu prawa) oraz art. 9 ust. 2 lit. a) (zgoda osoby) b) (przepis prawa) w celu realizacji zada\u0144 ustawowych, okre\u015blonych w Ustawie \u2013 Prawo o\u015bwiatowe z dnia 14 grudnia 2016 r. (Dz. U. z 2018 r., poz. 996) oraz Ustawy o systemie o\u015bwiaty z dnia 7 wrze\u015bnia 1991 r. (Dz. U. z 2018 r., poz. 1457), rozporz\u0105dzeniu MEN w sprawie sposobu prowadzenia przez publiczne przedszkola, szko\u0142y i plac\u00f3wki dokumentacji przebiegu nauczania, dzia\u0142alno\u015bci wychowawczej i opieku\u0144czej oraz rodzaj\u00f3w tej dokumentacji, og\u00f3\u0142 akt\u00f3w prawnych dotycz\u0105cych pomocy psychologiczno-pedagogicznej w celu realizacji statutowych zada\u0144 dydaktycznych, opieku\u0144czych i wychowawczych w plac\u00f3wce.<\/li>\n<li style=\"text-align: justify;\">Odbiorc\u0105 danych osobowych mog\u0105 by\u0107 podmioty upowa\u017cnione na podstawie przepis\u00f3w prawa.<\/li>\n<li style=\"text-align: justify;\">Pani\/Pana\/dziecka dane osobowe nie b\u0119d\u0105 przekazywane do pa\u0144stwa trzeciego\/organizacji mi\u0119dzynarodowej.<\/li>\n<li style=\"text-align: justify;\">Posiada Pani\/Pan\/dziecko prawo dost\u0119pu do tre\u015bci swoich danych oraz prawo ich sprostowania, usuni\u0119cia, ograniczenia przetwarzania, prawo do przenoszenia danych, prawo wniesienia sprzeciwu, prawo do cofni\u0119cia zgody (je\u017celi przetwarzanie odbywa si\u0119 na podstawie art. 6 ust. 1 lit. a) lub art. 9 ust. 2 lit. a)) w dowolnym momencie bez wp\u0142ywu na zgodno\u015b\u0107 z prawem przetwarzania, kt\u00f3rego dokonano na podstawie zgody przed jej cofni\u0119ciem.<\/li>\n<li style=\"text-align: justify;\">Ma Pan\/Pani\/dziecko prawo wniesienia skargi do organu nadzorczego gdy uzna Pani\/Pan\/dziecko, i\u017c przetwarzanie danych osobowych Pani\/Pana\/dziecko dotycz\u0105cych narusza przepisy og\u00f3lnego rozporz\u0105dzenia o ochronie danych osobowych z dnia 27 kwietnia 2016 r.<\/li>\n<li style=\"text-align: justify;\">W sytuacji, gdy przetwarzanie danych osobowych odbywa si\u0119 na podstawie zgody osoby, kt\u00f3rej dane dotycz\u0105, podanie przez Pani\u0105\/Pana\/dziecka danych osobowych Administratorowi ma charakter dobrowolny.<\/li>\n<li style=\"text-align: justify;\">Podanie przez Pani\u0105\/Pana\/dziecka danych osobowych jest obowi\u0105zkowe, w sytuacji gdy przes\u0142ank\u0119 przetwarzania danych osobowych stanowi przepis prawa lub zawarta mi\u0119dzy stronami umowa.<\/li>\n<li style=\"text-align: justify;\">Dane osobowe nie b\u0119d\u0105 przetwarzane w spos\u00f3b zautomatyzowany oraz nie b\u0119d\u0105 podlega\u0107 profilowaniu.<\/li>\n<li style=\"text-align: justify;\">Dane osobowe b\u0119d\u0105 przechowywane przez okres niezb\u0119dny do realizacji cel\u00f3w a po tym czasie przez okres wymagany przez przepisy powszechnie obowi\u0105zuj\u0105cego prawa.<\/li>\n<\/ol>\n","protected":false},"excerpt":{"rendered":"<p>Uprzejme prosimy o zapoznanie si\u0119 z&nbsp;klauzul\u0105 informacyjn\u0105: Klauzula informacyjna Zgodnie z art. 13 ust. 1 i ust. 2 og\u00f3lnego rozporz\u0105dzenia o ochronie danych osobowych z dnia 27 kwietnia 2016 r. informuj\u0119, \u017ce: Administratorem Pani\/Pana\/dziecka danych osobowych jest Szko\u0142a Podstawowa im. Marii D\u0105browskiej w Nowym Rybiu, e-mail spnowerybie@poczta.onet.pl, telefon (18) 33-22-106 reprezentowana przez Dyrektora Szko\u0142y &#8211; [&hellip;]<\/p>\n","protected":false},"author":1,"featured_media":0,"parent":0,"menu_order":0,"comment_status":"closed","ping_status":"closed","template":"","meta":{"ngg_post_thumbnail":0,"footnotes":""},"class_list":["post-16","page","type-page","status-publish","hentry"],"_links":{"self":[{"href":"https:\/\/spnowerybie.pl\/index.php?rest_route=\/wp\/v2\/pages\/16","targetHints":{"allow":["GET"]}}],"collection":[{"href":"https:\/\/spnowerybie.pl\/index.php?rest_route=\/wp\/v2\/pages"}],"about":[{"href":"https:\/\/spnowerybie.pl\/index.php?rest_route=\/wp\/v2\/types\/page"}],"author":[{"embeddable":true,"href":"https:\/\/spnowerybie.pl\/index.php?rest_route=\/wp\/v2\/users\/1"}],"replies":[{"embeddable":true,"href":"https:\/\/spnowerybie.pl\/index.php?rest_route=%2Fwp%2Fv2%2Fcomments&post=16"}],"version-history":[{"count":2,"href":"https:\/\/spnowerybie.pl\/index.php?rest_route=\/wp\/v2\/pages\/16\/revisions"}],"predecessor-version":[{"id":7628,"href":"https:\/\/spnowerybie.pl\/index.php?rest_route=\/wp\/v2\/pages\/16\/revisions\/7628"}],"wp:attachment":[{"href":"https:\/\/spnowerybie.pl\/index.php?rest_route=%2Fwp%2Fv2%2Fmedia&parent=16"}],"curies":[{"name":"wp","href":"https:\/\/api.w.org\/{rel}","templated":true}]}}